{"id":1326,"date":"2025-04-09T09:54:43","date_gmt":"2025-04-09T07:54:43","guid":{"rendered":"http:\/\/sv014.be\/?page_id=1326"},"modified":"2025-09-22T11:00:20","modified_gmt":"2025-09-22T09:00:20","slug":"iama","status":"publish","type":"page","link":"http:\/\/sv014.be\/index.php\/iama\/","title":{"rendered":"IAmA"},"content":{"rendered":"\n<figure class=\"wp-block-image size-full is-resized\"><img loading=\"lazy\" decoding=\"async\" width=\"436\" height=\"431\" src=\"http:\/\/sv014.be\/wp-content\/uploads\/2025\/04\/image-5.png\" alt=\"\" class=\"wp-image-1327\" style=\"width:192px;height:auto\" srcset=\"http:\/\/sv014.be\/wp-content\/uploads\/2025\/04\/image-5.png 436w, http:\/\/sv014.be\/wp-content\/uploads\/2025\/04\/image-5-300x297.png 300w\" sizes=\"(max-width: 436px) 85vw, 436px\" \/><\/figure>\n\n\n\n<p><\/p>\n\n\n\n<p><strong>IAmA : L\u2019esprit scout ne s\u2019\u00e9teint jamais<\/strong><\/p>\n\n\n\n<p>\u00c0 SV014, nous croyons que le scoutisme ne s\u2019arr\u00eate pas \u00e0 la fin d\u2019un totem ou \u00e0 la remise d\u2019un dernier foulard. Il se transforme, \u00e9volue\u2026 mais ne dispara\u00eet jamais. C\u2019est l\u00e0 qu\u2019intervient la section <strong>IAmA<\/strong>, un nom \u00e0 la crois\u00e9e des chemins entre les langues et les engagements. <\/p>\n\n\n\n<p>L&rsquo;Alumni, c\u2019est l\u2019ancien scout qui continue de vivre les valeurs du scoutisme au quotidien. C\u2019est celui ou celle qui garde la flamme, m\u00eame apr\u00e8s les camps, les veill\u00e9es, et les conseils de patrouille.<\/p>\n\n\n\n<p>\u00catre IAmA, c\u2019est&#8230;<\/p>\n\n\n\n<ul>\n<li><strong>Poursuivre autrement son engagement scout<\/strong>, avec une nouvelle \u00e9nergie, un regard neuf.<\/li>\n\n\n\n<li><strong>Partager son v\u00e9cu et ses apprentissages<\/strong>, pour inspirer les plus jeunes.<\/li>\n\n\n\n<li><strong>Promouvoir une image positive du scoutisme<\/strong>, en \u00e9tant un ambassadeur naturel de notre Mouvement.<\/li>\n\n\n\n<li><strong>Donner un coup de main<\/strong>, ponctuellement ou durablement, aux unit\u00e9s et \u00e0 la f\u00e9d\u00e9ration.<\/li>\n\n\n\n<li><strong>Affirmer sa fiert\u00e9 d\u2019appartenir au Mouvement<\/strong>, parce qu\u2019on est scout un jour\u2026 scout toujours.<\/li>\n\n\n\n<li><strong>Tisser ou retisser des liens amicaux et professionnels<\/strong>, dans un r\u00e9seau d&rsquo;entraide.<\/li>\n\n\n\n<li><strong>Participer \u00e0 des \u00e9changes interg\u00e9n\u00e9rationnels<\/strong>, riches de sens et d\u2019humanit\u00e9.<\/li>\n\n\n\n<li><strong>Contribuer \u00e0 b\u00e2tir un monde meilleur<\/strong>, fid\u00e8le \u00e0 l\u2019id\u00e9al scout.<\/li>\n\n\n\n<li>Et surtout, <strong>rester partie int\u00e9grante d\u2019un r\u00e9seau mondial<\/strong>, engag\u00e9, solidaire, et profond\u00e9ment humain.<\/li>\n<\/ul>\n\n\n\n<p>Construisons ensemble un r\u00e9seau de partage, de soutien et de retrouvailles.<br>Parce que les IAmA sont <strong>un soutien pr\u00e9cieux pour les scouts d\u2019aujourd\u2019hui et de demain<\/strong>\u2026 et que nous en sommes fiers.<\/p>\n\n\n\n<h3 class=\"wp-block-heading\"><strong>PRESENTATION DES ALUMNIS<\/strong> <\/h3>\n\n\n\n<figure class=\"wp-block-table\"><table><tbody><tr><td><\/td><td><strong>Jabiru<\/strong> &#8211; Hilina Stockbroeckx<\/td><\/tr><tr><td><\/td><td><strong>Zenik<\/strong> &#8211; Albert Maxime<\/td><\/tr><tr><td><\/td><td><strong>Abyssin <\/strong>&#8211; L\u00e9a Dubois<\/td><\/tr><tr><td><\/td><td><strong>Kowari<\/strong> &#8211; Benjamin Dufour<\/td><\/tr><tr><td><\/td><td>Albert Logan<\/td><\/tr><\/tbody><\/table><\/figure>\n","protected":false},"excerpt":{"rendered":"<p>IAmA : L\u2019esprit scout ne s\u2019\u00e9teint jamais \u00c0 SV014, nous croyons que le scoutisme ne s\u2019arr\u00eate pas \u00e0 la fin d\u2019un totem ou \u00e0 la remise d\u2019un dernier foulard. Il se transforme, \u00e9volue\u2026 mais ne dispara\u00eet jamais. C\u2019est l\u00e0 qu\u2019intervient la section IAmA, un nom \u00e0 la crois\u00e9e des chemins entre les langues et les &hellip; <a href=\"http:\/\/sv014.be\/index.php\/iama\/\" class=\"more-link\">Continuer la lecture<span class=\"screen-reader-text\"> de &laquo;&nbsp;IAmA&nbsp;&raquo;<\/span><\/a><\/p>\n","protected":false},"author":2,"featured_media":0,"parent":0,"menu_order":0,"comment_status":"closed","ping_status":"closed","template":"","meta":{"footnotes":""},"_links":{"self":[{"href":"http:\/\/sv014.be\/index.php\/wp-json\/wp\/v2\/pages\/1326"}],"collection":[{"href":"http:\/\/sv014.be\/index.php\/wp-json\/wp\/v2\/pages"}],"about":[{"href":"http:\/\/sv014.be\/index.php\/wp-json\/wp\/v2\/types\/page"}],"author":[{"embeddable":true,"href":"http:\/\/sv014.be\/index.php\/wp-json\/wp\/v2\/users\/2"}],"replies":[{"embeddable":true,"href":"http:\/\/sv014.be\/index.php\/wp-json\/wp\/v2\/comments?post=1326"}],"version-history":[{"count":3,"href":"http:\/\/sv014.be\/index.php\/wp-json\/wp\/v2\/pages\/1326\/revisions"}],"predecessor-version":[{"id":1463,"href":"http:\/\/sv014.be\/index.php\/wp-json\/wp\/v2\/pages\/1326\/revisions\/1463"}],"wp:attachment":[{"href":"http:\/\/sv014.be\/index.php\/wp-json\/wp\/v2\/media?parent=1326"}],"curies":[{"name":"wp","href":"https:\/\/api.w.org\/{rel}","templated":true}]}}