{"id":575,"date":"2018-12-24T12:56:53","date_gmt":"2018-12-24T11:56:53","guid":{"rendered":"http:\/\/sv014.be\/?page_id=575"},"modified":"2025-09-22T15:16:12","modified_gmt":"2025-09-22T13:16:12","slug":"pionniers","status":"publish","type":"page","link":"http:\/\/sv014.be\/index.php\/pionniers\/","title":{"rendered":"Pionniers"},"content":{"rendered":"\n<figure class=\"wp-block-image\"><img loading=\"lazy\" decoding=\"async\" width=\"182\" height=\"218\" src=\"http:\/\/sv014.be\/wp-content\/uploads\/2025\/04\/Capture-1.png\" alt=\"\" class=\"wp-image-1298\"\/><\/figure>\n\n\n\n<p>Notre poste accueille des jeunes <strong>de 16 \u00e0 18 ans<\/strong>, pr\u00eats \u00e0 vivre des aventures enrichissantes et \u00e0 s\u2019engager dans des projets motivants.<\/p>\n\n\n\n<p><strong>Notre \u00e9quipe :<\/strong><\/p>\n\n\n\n<ul>\n<li><strong>Des pionniers<\/strong>, qui participent activement \u00e0 l&rsquo;organisation de leurs propres activit\u00e9s et projets.<\/li>\n\n\n\n<li><strong>2 animateur<\/strong>s, pr\u00e9sents pour les guider, les accompagner et les aider \u00e0 relever de nouveaux d\u00e9fis.<\/li>\n<\/ul>\n\n\n\n<p><strong>Un esprit d&rsquo;initiative et d&rsquo;engagement<\/strong><br>\u00catre pionnier, c&rsquo;est d\u00e9velopper son autonomie, organiser des actions solidaires, explorer de nouveaux horizons et partager des moments inoubliables en groupe.<\/p>\n\n\n\n<p><strong>Suivez nos aventures !<\/strong><br>Retrouvez nos activit\u00e9s et projets sur notre page Facebook <a href=\"https:\/\/www.facebook.com\/Pionniers-de-Tourinnes-saint-lambert-357178758352878\"><strong>Pionniers de Tourinnes-Saint-Lambert<\/strong><\/a><strong> <\/strong><\/p>\n\n\n\n<p>Nous avons h\u00e2te de partager cette belle aventure avec vous et n\u2019h\u00e9sitez pas \u00e0 nous contacter <a href=\"mailto:pi.sv014@gmail.com\">pi.sv014@gmail.com<\/a>!<\/p>\n\n\n\n<h4 class=\"wp-block-heading\">Pr\u00e9sentation des chefs pionniers<\/h4>\n\n\n<div class=\"wp-block-image\">\n<figure class=\"aligncenter size-full is-resized\"><img loading=\"lazy\" decoding=\"async\" width=\"1920\" height=\"2560\" src=\"http:\/\/sv014.be\/wp-content\/uploads\/2025\/09\/image00025-scaled.jpeg\" alt=\"\" class=\"wp-image-1366\" style=\"width:276px;height:auto\" srcset=\"http:\/\/sv014.be\/wp-content\/uploads\/2025\/09\/image00025-scaled.jpeg 1920w, http:\/\/sv014.be\/wp-content\/uploads\/2025\/09\/image00025-225x300.jpeg 225w, http:\/\/sv014.be\/wp-content\/uploads\/2025\/09\/image00025-768x1024.jpeg 768w, http:\/\/sv014.be\/wp-content\/uploads\/2025\/09\/image00025-1152x1536.jpeg 1152w, http:\/\/sv014.be\/wp-content\/uploads\/2025\/09\/image00025-1536x2048.jpeg 1536w, http:\/\/sv014.be\/wp-content\/uploads\/2025\/09\/image00025-1200x1600.jpeg 1200w\" sizes=\"(max-width: 709px) 85vw, (max-width: 909px) 67vw, (max-width: 1362px) 62vw, 840px\" \/><\/figure><\/div>\n\n\n<p><img loading=\"lazy\" decoding=\"async\" width=\"150\" height=\"200\" class=\"wp-image-1391\" style=\"width: 150px;\" src=\"http:\/\/sv014.be\/wp-content\/uploads\/2025\/09\/image00024-scaled.jpeg\" alt=\"\" srcset=\"http:\/\/sv014.be\/wp-content\/uploads\/2025\/09\/image00024-scaled.jpeg 1920w, http:\/\/sv014.be\/wp-content\/uploads\/2025\/09\/image00024-225x300.jpeg 225w, http:\/\/sv014.be\/wp-content\/uploads\/2025\/09\/image00024-768x1024.jpeg 768w, http:\/\/sv014.be\/wp-content\/uploads\/2025\/09\/image00024-1152x1536.jpeg 1152w, http:\/\/sv014.be\/wp-content\/uploads\/2025\/09\/image00024-1536x2048.jpeg 1536w, http:\/\/sv014.be\/wp-content\/uploads\/2025\/09\/image00024-1200x1600.jpeg 1200w\" sizes=\"(max-width: 150px) 85vw, 150px\" \/>       <strong>Sifaka&nbsp;<\/strong>\u2013 Juliette Dufour<\/p>\n\n\n\n<p><img loading=\"lazy\" decoding=\"async\" width=\"150\" height=\"200\" class=\"wp-image-1390\" style=\"width: 150px;\" src=\"http:\/\/sv014.be\/wp-content\/uploads\/2025\/09\/image00023-scaled.jpeg\" alt=\"\" srcset=\"http:\/\/sv014.be\/wp-content\/uploads\/2025\/09\/image00023-scaled.jpeg 1920w, http:\/\/sv014.be\/wp-content\/uploads\/2025\/09\/image00023-225x300.jpeg 225w, http:\/\/sv014.be\/wp-content\/uploads\/2025\/09\/image00023-768x1024.jpeg 768w, http:\/\/sv014.be\/wp-content\/uploads\/2025\/09\/image00023-1152x1536.jpeg 1152w, http:\/\/sv014.be\/wp-content\/uploads\/2025\/09\/image00023-1536x2048.jpeg 1536w, http:\/\/sv014.be\/wp-content\/uploads\/2025\/09\/image00023-1200x1600.jpeg 1200w\" sizes=\"(max-width: 150px) 85vw, 150px\" \/>       <strong>Quokka<\/strong> &#8211; Jeanne Gevart<\/p>\n\n\n\n<h4 class=\"wp-block-heading\">CALENDRIER DES Pionniers<\/h4>\n\n\n\n<p>Le calendrier des r\u00e9unions se trouve ici :<a href=\"https:\/\/calendar.google.com\/calendar\/u\/1?cid=ZGNpOHRkbjY1MmI4dGQ2djJlYTNiMjQ0bjBAZ3JvdXAuY2FsZW5kYXIuZ29vZ2xlLmNvbQ\" target=\"_blank\" rel=\"noreferrer noopener\">Format Google<\/a>&nbsp;ou&nbsp;<a href=\"https:\/\/calendar.google.com\/calendar\/ical\/3421m93a20cg9ign0ui9ipmlr8%40group.calendar.google.com\/public\/basic.ics\" target=\"_blank\" rel=\"noreferrer noopener\">Format&nbsp;<\/a><a href=\"https:\/\/calendar.google.com\/calendar\/ical\/dci8tdn652b8td6v2ea3b244n0%40group.calendar.google.com\/public\/basic.ics\" target=\"_blank\" rel=\"noreferrer noopener\">Ical<\/a><\/p>\n\n\n\n<p><iframe loading=\"lazy\" style=\"border: 0;\" src=\"https:\/\/calendar.google.com\/calendar\/embed?src=dci8tdn652b8td6v2ea3b244n0%40group.calendar.google.com&amp;ctz=Europe%2FBrussels\" width=\"800\" height=\"600\" frameborder=\"0\" scrolling=\"no\"><\/iframe><\/p>\n","protected":false},"excerpt":{"rendered":"<p>Notre poste accueille des jeunes de 16 \u00e0 18 ans, pr\u00eats \u00e0 vivre des aventures enrichissantes et \u00e0 s\u2019engager dans des projets motivants. Notre \u00e9quipe : Un esprit d&rsquo;initiative et d&rsquo;engagement\u00catre pionnier, c&rsquo;est d\u00e9velopper son autonomie, organiser des actions solidaires, explorer de nouveaux horizons et partager des moments inoubliables en groupe. Suivez nos aventures !Retrouvez &hellip; <a href=\"http:\/\/sv014.be\/index.php\/pionniers\/\" class=\"more-link\">Continuer la lecture<span class=\"screen-reader-text\"> de &laquo;&nbsp;Pionniers&nbsp;&raquo;<\/span><\/a><\/p>\n","protected":false},"author":12,"featured_media":0,"parent":0,"menu_order":0,"comment_status":"closed","ping_status":"closed","template":"","meta":{"footnotes":""},"_links":{"self":[{"href":"http:\/\/sv014.be\/index.php\/wp-json\/wp\/v2\/pages\/575"}],"collection":[{"href":"http:\/\/sv014.be\/index.php\/wp-json\/wp\/v2\/pages"}],"about":[{"href":"http:\/\/sv014.be\/index.php\/wp-json\/wp\/v2\/types\/page"}],"author":[{"embeddable":true,"href":"http:\/\/sv014.be\/index.php\/wp-json\/wp\/v2\/users\/12"}],"replies":[{"embeddable":true,"href":"http:\/\/sv014.be\/index.php\/wp-json\/wp\/v2\/comments?post=575"}],"version-history":[{"count":26,"href":"http:\/\/sv014.be\/index.php\/wp-json\/wp\/v2\/pages\/575\/revisions"}],"predecessor-version":[{"id":1493,"href":"http:\/\/sv014.be\/index.php\/wp-json\/wp\/v2\/pages\/575\/revisions\/1493"}],"wp:attachment":[{"href":"http:\/\/sv014.be\/index.php\/wp-json\/wp\/v2\/media?parent=575"}],"curies":[{"name":"wp","href":"https:\/\/api.w.org\/{rel}","templated":true}]}}