{"id":75,"date":"2016-11-13T21:42:39","date_gmt":"2016-11-13T20:42:39","guid":{"rendered":"http:\/\/sv014.be\/?page_id=75"},"modified":"2020-09-23T17:27:47","modified_gmt":"2020-09-23T15:27:47","slug":"contact","status":"publish","type":"page","link":"http:\/\/sv014.be\/index.php\/contact\/","title":{"rendered":"Contact"},"content":{"rendered":"<p>Pour toute question relative \u00e0 une section sp\u00e9cifique, merci de contacter directement la section concern\u00e9e.<\/p>\n<p>Pour une question d&rsquo;ordre g\u00e9n\u00e9ral, veuillez utiliser l&#8217;email : <a href=\"mailto:scoutstsl@gmail.com\">scoutstsl@gmail.com<\/a><\/p>\n","protected":false},"excerpt":{"rendered":"<p>Pour toute question relative \u00e0 une section sp\u00e9cifique, merci de contacter directement la section concern\u00e9e. Pour une question d&rsquo;ordre g\u00e9n\u00e9ral, veuillez utiliser l&#8217;email : scoutstsl@gmail.com<\/p>\n","protected":false},"author":2,"featured_media":0,"parent":0,"menu_order":0,"comment_status":"closed","ping_status":"closed","template":"","meta":{"footnotes":""},"_links":{"self":[{"href":"http:\/\/sv014.be\/index.php\/wp-json\/wp\/v2\/pages\/75"}],"collection":[{"href":"http:\/\/sv014.be\/index.php\/wp-json\/wp\/v2\/pages"}],"about":[{"href":"http:\/\/sv014.be\/index.php\/wp-json\/wp\/v2\/types\/page"}],"author":[{"embeddable":true,"href":"http:\/\/sv014.be\/index.php\/wp-json\/wp\/v2\/users\/2"}],"replies":[{"embeddable":true,"href":"http:\/\/sv014.be\/index.php\/wp-json\/wp\/v2\/comments?post=75"}],"version-history":[{"count":5,"href":"http:\/\/sv014.be\/index.php\/wp-json\/wp\/v2\/pages\/75\/revisions"}],"predecessor-version":[{"id":783,"href":"http:\/\/sv014.be\/index.php\/wp-json\/wp\/v2\/pages\/75\/revisions\/783"}],"wp:attachment":[{"href":"http:\/\/sv014.be\/index.php\/wp-json\/wp\/v2\/media?parent=75"}],"curies":[{"name":"wp","href":"https:\/\/api.w.org\/{rel}","templated":true}]}}