{"id":767,"date":"2019-11-10T19:16:16","date_gmt":"2019-11-10T18:16:16","guid":{"rendered":"http:\/\/sv014.be\/?page_id=767"},"modified":"2025-04-08T22:40:18","modified_gmt":"2025-04-08T20:40:18","slug":"les-scouts-2","status":"publish","type":"page","link":"http:\/\/sv014.be\/index.php\/les-scouts-2\/","title":{"rendered":"Les Scouts"},"content":{"rendered":"<p><b>Une f\u00e9d\u00e9ration, un id\u00e9al, une aventure unique !<\/b><\/p>\n<p>Notre f\u00e9d\u00e9ration regroupe <b>412 unit\u00e9s<\/b>, unies par une <b>vision commune<\/b> et un <b>id\u00e9al scout<\/b> fond\u00e9 sur l&rsquo;entraide, l&rsquo;autonomie et la d\u00e9couverte.<\/p>\n<p>Gr\u00e2ce \u00e0 un <b>syst\u00e8me \u00e9ducatif unique<\/b>, structur\u00e9 autour de <b>trois piliers fondamentaux<\/b> :<\/p>\n<ul>\n<li><b>Ambition \u00e9ducative<\/b> \u2013 D\u00e9velopper la curiosit\u00e9, la responsabilit\u00e9 et l&rsquo;engagement citoyen des jeunes.<\/li>\n<li><b>M\u00e9thode scoute<\/b> \u2013 Apprendre par l&rsquo;action, l&rsquo;autonomie et la vie en groupe, au c\u0153ur de la nature.<\/li>\n<li><b>Valeurs scoutes<\/b> \u2013 Respect, solidarit\u00e9, d\u00e9passement de soi et ouverture aux autres.<\/li>\n<\/ul>\n<p><b>Une aventure formatrice et humaine<\/b><br \/>\n\u00c0 travers les jeux, les d\u00e9fis, la vie en plein air et les projets collectifs, nos <b>animateurs<\/b> accompagnent chaque scout dans son d\u00e9veloppement personnel, en cultivant <b>l&rsquo;esprit d&rsquo;\u00e9quipe, la confiance en soi et l&rsquo;envie d&rsquo;agir pour un monde meilleur<\/b>.<\/p>\n<p>Rejoignez-nous pour une aventure scoute o\u00f9 chacun grandit, explore et partage !<\/p>\n","protected":false},"excerpt":{"rendered":"<p>Une f\u00e9d\u00e9ration, un id\u00e9al, une aventure unique ! Notre f\u00e9d\u00e9ration regroupe 412 unit\u00e9s, unies par une vision commune et un id\u00e9al scout fond\u00e9 sur l&rsquo;entraide, l&rsquo;autonomie et la d\u00e9couverte. Gr\u00e2ce \u00e0 un syst\u00e8me \u00e9ducatif unique, structur\u00e9 autour de trois piliers fondamentaux : Ambition \u00e9ducative \u2013 D\u00e9velopper la curiosit\u00e9, la responsabilit\u00e9 et l&rsquo;engagement citoyen des jeunes. &hellip; <a href=\"http:\/\/sv014.be\/index.php\/les-scouts-2\/\" class=\"more-link\">Continuer la lecture<span class=\"screen-reader-text\"> de &laquo;&nbsp;Les Scouts&nbsp;&raquo;<\/span><\/a><\/p>\n","protected":false},"author":1,"featured_media":0,"parent":0,"menu_order":0,"comment_status":"closed","ping_status":"closed","template":"","meta":{"footnotes":""},"_links":{"self":[{"href":"http:\/\/sv014.be\/index.php\/wp-json\/wp\/v2\/pages\/767"}],"collection":[{"href":"http:\/\/sv014.be\/index.php\/wp-json\/wp\/v2\/pages"}],"about":[{"href":"http:\/\/sv014.be\/index.php\/wp-json\/wp\/v2\/types\/page"}],"author":[{"embeddable":true,"href":"http:\/\/sv014.be\/index.php\/wp-json\/wp\/v2\/users\/1"}],"replies":[{"embeddable":true,"href":"http:\/\/sv014.be\/index.php\/wp-json\/wp\/v2\/comments?post=767"}],"version-history":[{"count":5,"href":"http:\/\/sv014.be\/index.php\/wp-json\/wp\/v2\/pages\/767\/revisions"}],"predecessor-version":[{"id":1308,"href":"http:\/\/sv014.be\/index.php\/wp-json\/wp\/v2\/pages\/767\/revisions\/1308"}],"wp:attachment":[{"href":"http:\/\/sv014.be\/index.php\/wp-json\/wp\/v2\/media?parent=767"}],"curies":[{"name":"wp","href":"https:\/\/api.w.org\/{rel}","templated":true}]}}